{"id":1903,"date":"2021-01-10T12:17:16","date_gmt":"2021-01-10T11:17:16","guid":{"rendered":"http:\/\/www.studiokliker.hr\/servicios\/"},"modified":"2021-02-11T08:29:59","modified_gmt":"2021-02-11T07:29:59","slug":"servicios","status":"publish","type":"page","link":"https:\/\/www.studiokliker.hr\/es\/servicios\/","title":{"rendered":"Servicios"},"content":{"rendered":"<p>[cl_page_header title=\u00bbServicios\u00bb type=\u00bbmodern\u00bb add_description=\u00bb0&#8243; height=\u00bb315&#8243; background_position=\u00bbcenter center\u00bb parallax=\u00bb0&#8243; overlay_opacity=\u00bb0.60&#8243; typography=\u00bbcustom_font\u00bb title_font_size=\u00bb32&#8243; title_font_weight=\u00bb300&#8243; desc_line_height=\u00bb20&#8243; background_color=\u00bb#f1f1f1&#8243; background_image=\u00bbid:942|mime:undefined|url:https%3A%2F%2Fwww.studiokliker.hr%2Fwp-content%2Fuploads%2F2020%2F12%2Fusluge-150&#215;150.jpg\u00bb title_color=\u00bb#ffffff\u00bb][\/cl_page_header][cl_row css_style=\u00bbpadding-bottom:0px\u00bb device_visibility=\u00bb`{`object Object`}`\u00bb css_style_991=\u00bbpadding-top:|padding-bottom:\u00bb css_style_767=\u00bbpadding-top:|padding-bottom:\u00bb][cl_column extra_class=\u00bbwrap-h5-lg\u00bb css_style=\u00bbmargin-top:p|margin-bottom:20px|margin-left:0|margin-right:p|padding-top:0|padding-bottom:0|padding-left:0|padding-right:0|border-top-width:0|border-bottom-width:0|border-left-width:0|border-right-width:0&#8243; device_visibility=\u00bb0:none_\u00bb css_style_991=\u00bbpadding-top:|padding-bottom:\u00bb css_style_767=\u00bbpadding-top:|padding-bottom:\u00bb background_image=\u00bbid:|mime:|url:\u00bb][cl_custom_heading typography=\u00bbcustom_font\u00bb custom_responsive_992_bool_ch=\u00bb0&#8243; custom_responsive_768_bool_ch=\u00bb0&#8243; css_style=\u00bbmargin-bottom:10px\u00bb text_color=\u00bb#2d2d2d\u00bb]<\/p>\n<p style=\"text-align: center;\">Nuestros principales servicios<\/p>\n<p>[\/cl_custom_heading][cl_custom_heading tag=\u00bbh5&#8243; typography=\u00bbcustom_font\u00bb text_font_size=\u00bb18&#8243; text_font_weight=\u00bb400&#8243; text_line_height=\u00bb26&#8243; text_transform=\u00bbnone\u00bb custom_responsive_992_bool_ch=\u00bb0&#8243; custom_responsive_768_bool_ch=\u00bb0&#8243; css_style=\u00bbmargin-top:m|margin-bottom:m|margin-left:m|margin-right:m|padding-top:m|padding-bottom:m|padding-left:m|padding-right:m|border-top-width:m|border-bottom-width:m|border-left-width:m|border-right-width:m\u00bb text_color=\u00bb#7c7c7c\u00bb]<\/p>\n<p style=\"text-align: center;\">Nuestros servicios incluyen la creaci\u00f3n de la identidad de un servicio o producto a trav\u00e9s de varios segmentos en su creaci\u00f3n: dise\u00f1o de una estrategia creativa, comunicaci\u00f3n visual, dise\u00f1o de identidad de producto y packaging, dise\u00f1o de sitio web y dise\u00f1o del nombre de un producto o servicio.<\/p>\n<p>[\/cl_custom_heading][\/cl_column][\/cl_row][cl_row fullheight=\u00bb0&#8243; custom_width_bool=\u00bb0&#8243; equal_height=\u00bb0&#8243; row_disabled=\u00bb0&#8243; extra_class=\u00bbmain-services\u00bb row_video_loop=\u00bb0&#8243; css_style=\u00bbmargin-top:10px|padding-top:0px|padding-bottom:60px\u00bb background_position=\u00bbleft top\u00bb parallax=\u00bb0&#8243; device_visibility=\u00bb0:none_\u00bb css_style_991_row_bool=\u00bb0&#8243; css_style_767_row_bool=\u00bb0&#8243; background_image=\u00bbid:|mime:|url:\u00bb][cl_column width=\u00bb1\/3&#8243; extra_class=\u00bbwrap-xs\u00bb css_style=\u00bbpadding-top:20px|padding-bottom:20px\u00bb device_visibility=\u00bb0:none_\u00bb css_style_991=\u00bbpadding-top:|padding-bottom:\u00bb css_style_767=\u00bbpadding-top:|padding-bottom:\u00bb][cl_media shadow=\u00bb0&#8243; css_style=\u00bbmargin-top:15px\u00bb image=\u00bbid:395|mime:undefined|url:http%3A%2F%2Fkliker.hiperweb.hr%2Fwp-content%2Fuploads%2F2020%2F11%2Fkreativna-strategija-150&#215;150.jpg\u00bb][cl_custom_heading typography=\u00bbcustom_font\u00bb text_font_size=\u00bb16&#8243; text_font_weight=\u00bb600&#8243; text_line_height=\u00bb22&#8243; text_transform=\u00bbnone\u00bb custom_responsive_992_bool_ch=\u00bb0&#8243; custom_responsive_768_bool_ch=\u00bb0&#8243; css_style=\u00bbmargin-top:30px\u00bb text_color=\u00bb#0f0f0f\u00bb]Estrategia creativa[\/cl_custom_heading][cl_text custom_typography=\u00bb0&#8243; custom_responsive_992_bool=\u00bb0&#8243; custom_responsive_768_bool=\u00bb0&#8243; css_style=\u00bbmargin-top:10px\u00bb]Empiece a crear la historia de su producto, Qu\u00e9 lo representa y En qu\u00e9 se diferencia de los dem\u00e1s, como la base en lo que se construir\u00e1 todo lo dem\u00e1s.[\/cl_text][\/cl_column][cl_column width=\u00bb1\/3&#8243; extra_class=\u00bbwrap-xs\u00bb css_style=\u00bbpadding-top:20px|padding-bottom:20px\u00bb device_visibility=\u00bb0:none_\u00bb css_style_991=\u00bbpadding-top:|padding-bottom:\u00bb css_style_767=\u00bbpadding-top:|padding-bottom:\u00bb][cl_media shadow=\u00bb0&#8243; css_style=\u00bbmargin-top:15px\u00bb image=\u00bbid:396|mime:undefined|url:http%3A%2F%2Fkliker.hiperweb.hr%2Fwp-content%2Fuploads%2F2020%2F11%2Fvizualne-komunikacije-150&#215;150.jpg\u00bb][cl_custom_heading typography=\u00bbcustom_font\u00bb text_font_size=\u00bb16&#8243; text_font_weight=\u00bb600&#8243; text_line_height=\u00bb22&#8243; text_transform=\u00bbnone\u00bb custom_responsive_992_bool_ch=\u00bb0&#8243; custom_responsive_768_bool_ch=\u00bb0&#8243; css_style=\u00bbmargin-top:30px\u00bb text_color=\u00bb#0f0f0f\u00bb]Comunicaciones visuales[\/cl_custom_heading][cl_text custom_typography=\u00bb0&#8243; custom_responsive_992_bool=\u00bb0&#8243; custom_responsive_768_bool=\u00bb0&#8243; css_style=\u00bbmargin-top:10px\u00bb]El posicionamiento del producto es seguido por el dise\u00f1o del signo y logo, de la marca completa, del dise\u00f1o de impresos, folletos, tr\u00edpticos, sitio web y de otras herramientas de estrategia promocional.[\/cl_text][\/cl_column][cl_column width=\u00bb1\/3&#8243; extra_class=\u00bbwrap-xs\u00bb css_style=\u00bbpadding-top:20px|padding-bottom:20px\u00bb device_visibility=\u00bb0:none_\u00bb css_style_991=\u00bbpadding-top:|padding-bottom:\u00bb css_style_767=\u00bbpadding-top:|padding-bottom:\u00bb][cl_media shadow=\u00bb0&#8243; css_style=\u00bbmargin-top:15px\u00bb image=\u00bbid:849|url:http%253A%252F%252Fkliker.hiperweb.hr%252Fwp-content%252Fuploads%252F2017%252F05%252Fpharmas-uriroyal-ambalaza.jpg\u00bb][cl_custom_heading typography=\u00bbcustom_font\u00bb text_font_size=\u00bb16&#8243; text_font_weight=\u00bb600&#8243; text_line_height=\u00bb22&#8243; text_transform=\u00bbnone\u00bb custom_responsive_992_bool_ch=\u00bb0&#8243; custom_responsive_768_bool_ch=\u00bb0&#8243; css_style=\u00bbmargin-top:30px\u00bb text_color=\u00bb#0f0f0f\u00bb]Dise\u00f1o de identidad del producto y packaging[\/cl_custom_heading][cl_text custom_typography=\u00bb0&#8243; custom_responsive_992_bool=\u00bb0&#8243; custom_responsive_768_bool=\u00bb0&#8243; css_style=\u00bbmargin-top:10px\u00bb]El dise\u00f1o de la identidad del producto es un proceso de dise\u00f1o exigente que va desde el rendimiento t\u00e9cnico, la funcionalidad y de la identidad visual.[\/cl_text][\/cl_column][\/cl_row][cl_row css_style=\u00bbpadding-top:20px|padding-bottom:20px\u00bb device_visibility=\u00bb`{`object Object`}`\u00bb css_style_991=\u00bbpadding-top:|padding-bottom:\u00bb css_style_767=\u00bbpadding-top:|padding-bottom:\u00bb background_color=\u00bb#f1f1f1&#8243;][cl_column width=\u00bb2\/3&#8243; horizontal_align=\u00bbmiddle\u00bb css_style=\u00bbpadding-top:20px|padding-bottom:20px\u00bb device_visibility=\u00bb`{`object Object`}`\u00bb css_style_991=\u00bbpadding-top:|padding-bottom:\u00bb css_style_767=\u00bbpadding-top:|padding-bottom:\u00bb][cl_custom_heading custom_responsive_992_bool_ch=\u00bb0&#8243; custom_responsive_768_bool_ch=\u00bb0&#8243; css_style=\u00bbmargin-top:35px\u00bb]Cont\u00e1ctenos con confianza[\/cl_custom_heading][\/cl_column][cl_column width=\u00bb1\/3&#8243; horizontal_align=\u00bbmiddle\u00bb css_style=\u00bbpadding-top:20px|padding-bottom:20px\u00bb device_visibility=\u00bb`{`object Object`}`\u00bb css_style_991=\u00bbpadding-top:|padding-bottom:\u00bb css_style_767=\u00bbpadding-top:|padding-bottom:\u00bb][cl_button btn_title=\u00bbVea m\u00e1s\u00bb overwrite_style=\u00bb0&#8243; link=\u00bb\/es\/trabajo\u00bb css_style=\u00bbmargin-top:35px\u00bb][\/cl_column][\/cl_row][cl_row css_style=\u00bbpadding-top:45px|padding-bottom:45px\u00bb text_color=\u00bblight-text\u00bb background_position=\u00bbleft top\u00bb device_visibility=\u00bb0:none_\u00bb css_style_991=\u00bbpadding-top:|padding-bottom:\u00bb css_style_767=\u00bbpadding-top:|padding-bottom:\u00bb background_color=\u00bb#608da0&#8243; background_image=\u00bbid:|mime:|url:\u00bb][cl_column css_style=\u00bbpadding-top:-|padding-bottom:-\u00bb device_visibility=\u00bb0:none_\u00bb css_style_991=\u00bbpadding-top:|padding-bottom:\u00bb css_style_767=\u00bbpadding-top:|padding-bottom:\u00bb background_image=\u00bbid:|mime:|url:\u00bb][cl_testimonial carousel_dots=\u00bb1&#8243; categories=\u00bb0:all\u00bb posts_per_page=\u00bb1&#8243;][\/cl_column][\/cl_row]<\/p>\n","protected":false},"excerpt":{"rendered":"<p>[cl_page_header title=\u00bbServicios\u00bb type=\u00bbmodern\u00bb add_description=\u00bb0&#8243; height=\u00bb315&#8243; background_position=\u00bbcenter center\u00bb parallax=\u00bb0&#8243; overlay_opacity=\u00bb0.60&#8243; typography=\u00bbcustom_font\u00bb title_font_size=\u00bb32&#8243; title_font_weight=\u00bb300&#8243; desc_line_height=\u00bb20&#8243; background_color=\u00bb#f1f1f1&#8243; background_image=\u00bbid:942|mime:undefined|url:https%3A%2F%2Fwww.studiokliker.hr%2Fwp-content%2Fuploads%2F2020%2F12%2Fusluge-150&#215;150.jpg\u00bb title_color=\u00bb#ffffff\u00bb][\/cl_page_header][cl_row css_style=\u00bbpadding-bottom:0px\u00bb device_visibility=\u00bb`{`object Object`}`\u00bb css_style_991=\u00bbpadding-top:|padding-bottom:\u00bb css_style_767=\u00bbpadding-top:|padding-bottom:\u00bb][cl_column extra_class=\u00bbwrap-h5-lg\u00bb css_style=\u00bbmargin-top:p|margin-bottom:20px|margin-left:0|margin-right:p|padding-top:0|padding-bottom:0|padding-left:0|padding-right:0|border-top-width:0|border-bottom-width:0|border-left-width:0|border-right-width:0&#8243; device_visibility=\u00bb0:none_\u00bb css_style_991=\u00bbpadding-top:|padding-bottom:\u00bb css_style_767=\u00bbpadding-top:|padding-bottom:\u00bb background_image=\u00bbid:|mime:|url:\u00bb][cl_custom_heading typography=\u00bbcustom_font\u00bb custom_responsive_992_bool_ch=\u00bb0&#8243; custom_responsive_768_bool_ch=\u00bb0&#8243; css_style=\u00bbmargin-bottom:10px\u00bb text_color=\u00bb#2d2d2d\u00bb] Nuestros principales servicios [\/cl_custom_heading][cl_custom_heading tag=\u00bbh5&#8243; typography=\u00bbcustom_font\u00bb text_font_size=\u00bb18&#8243; text_font_weight=\u00bb400&#8243; [&hellip;]<\/p>\n","protected":false},"author":3,"featured_media":0,"parent":0,"menu_order":0,"comment_status":"closed","ping_status":"closed","template":"","meta":{"footnotes":""},"_links":{"self":[{"href":"https:\/\/www.studiokliker.hr\/es\/wp-json\/wp\/v2\/pages\/1903"}],"collection":[{"href":"https:\/\/www.studiokliker.hr\/es\/wp-json\/wp\/v2\/pages"}],"about":[{"href":"https:\/\/www.studiokliker.hr\/es\/wp-json\/wp\/v2\/types\/page"}],"author":[{"embeddable":true,"href":"https:\/\/www.studiokliker.hr\/es\/wp-json\/wp\/v2\/users\/3"}],"replies":[{"embeddable":true,"href":"https:\/\/www.studiokliker.hr\/es\/wp-json\/wp\/v2\/comments?post=1903"}],"version-history":[{"count":3,"href":"https:\/\/www.studiokliker.hr\/es\/wp-json\/wp\/v2\/pages\/1903\/revisions"}],"predecessor-version":[{"id":2010,"href":"https:\/\/www.studiokliker.hr\/es\/wp-json\/wp\/v2\/pages\/1903\/revisions\/2010"}],"wp:attachment":[{"href":"https:\/\/www.studiokliker.hr\/es\/wp-json\/wp\/v2\/media?parent=1903"}],"curies":[{"name":"wp","href":"https:\/\/api.w.org\/{rel}","templated":true}]}}