{"id":1809,"date":"2020-12-30T11:41:02","date_gmt":"2020-12-30T10:41:02","guid":{"rendered":"http:\/\/www.studiokliker.hr\/about-us\/"},"modified":"2024-02-22T09:40:12","modified_gmt":"2024-02-22T08:40:12","slug":"about-us","status":"publish","type":"page","link":"https:\/\/www.studiokliker.hr\/en\/about-us\/","title":{"rendered":"About us"},"content":{"rendered":"<p>[cl_page_header title=&#8221;About us&#8221; type=&#8221;modern&#8221; add_description=&#8221;0&#8243; height=&#8221;315&#8243; background_position=&#8221;center center&#8221; parallax=&#8221;0&#8243; overlay_opacity=&#8221;0.60&#8243; typography=&#8221;custom_font&#8221; title_font_size=&#8221;32&#8243; title_font_weight=&#8221;300&#8243; background_image=&#8221;id:860|mime:undefined|url:https%3A%2F%2Fwww.studiokliker.hr%2Fwp-content%2Fuploads%2F2020%2F12%2Fo-nama-150&#215;150.jpg&#8221; background_color=&#8221;#ededed&#8221; title_color=&#8221;#ffffff&#8221;][\/cl_page_header][cl_row css_style=&#8221;padding-top:45px|padding-bottom:45px&#8221; device_visibility=&#8221;`{`object Object`}`&#8221; css_style_991=&#8221;padding-top:|padding-bottom:&#8221; css_style_767=&#8221;padding-top:|padding-bottom:&#8221;][cl_column width=&#8221;1\/2&#8243; extra_class=&#8221;wrap-md&#8221; css_style=&#8221;padding-top:20px|padding-bottom:20px&#8221; device_visibility=&#8221;0:none_&#8221; css_style_991=&#8221;padding-top:|padding-bottom:&#8221; css_style_767=&#8221;padding-top:|padding-bottom:&#8221;][cl_custom_heading typography=&#8221;h3&#8243; custom_responsive_992_bool_ch=&#8221;0&#8243; custom_responsive_768_bool_ch=&#8221;0&#8243; css_style=&#8221;margin-top:35px&#8221;]Our story[\/cl_custom_heading][cl_text custom_typography=&#8221;0&#8243; custom_responsive_992_bool=&#8221;0&#8243; custom_responsive_768_bool=&#8221;0&#8243; css_style=&#8221;margin-top:10px|margin-bottom:0|margin-left:0|margin-right:0|padding-top:0|padding-bottom:0|padding-left:0|padding-right:0|border-top-width:0|border-bottom-width:0|border-left-width:0|border-right-width:0&#8243;]Studio Kliker is a creative team that works and creates successful projects in the field of visual and market communications. We have 20 years of professional career behind us and a number of realized projects accompanied by awards and recognitions.<\/p>\n<p>Our services include creating the identity of a service or product through the several segments in its creation: designing a creative strategy, visual communication, design of product and packaging identity, website design and designing the name of a product or service.[\/cl_text][\/cl_column][cl_column width=&#8221;1\/2&#8243; css_style=&#8221;padding-top:20px|padding-bottom:20px&#8221; device_visibility=&#8221;`{`object Object`}`&#8221; css_style_991=&#8221;padding-top:|padding-bottom:&#8221; css_style_767=&#8221;padding-top:|padding-bottom:&#8221;][cl_custom_heading typography=&#8221;h3&#8243; custom_responsive_992_bool_ch=&#8221;0&#8243; custom_responsive_768_bool_ch=&#8221;0&#8243; css_style=&#8221;margin-top:35px&#8221;]Prizes[\/cl_custom_heading][cl_text custom_typography=&#8221;0&#8243; custom_responsive_992_bool=&#8221;0&#8243; custom_responsive_768_bool=&#8221;0&#8243; css_style=&#8221;margin-top:10px|margin-bottom:0|margin-left:0|margin-right:0|padding-top:0|padding-bottom:0|padding-left:0|padding-right:0|border-top-width:0|border-bottom-width:0|border-left-width:0|border-right-width:0&#8243;]1st prize in the first public competition for the<br \/>\nUniversity of Zagreb Festival;<br \/>\n1st prize in the public competition for the<br \/>\nmascot NK Dinamo Zagreb, mascot lion Maksi;<br \/>\n1st prize in the public competition for visual identity<br \/>\nand signalization for the Velebit National Park;<br \/>\n1st prize for visual identity for Salom,<br \/>\nWorld Youth Games in Zagreb;[\/cl_text][\/cl_column][\/cl_row][cl_row css_style=&#8221;padding-top:45px|padding-bottom:45px&#8221; device_visibility=&#8221;`{`object Object`}`&#8221; css_style_991=&#8221;padding-top:|padding-bottom:&#8221; css_style_767=&#8221;padding-top:|padding-bottom:&#8221;][cl_column css_style=&#8221;padding-top:20px|padding-bottom:20px&#8221; device_visibility=&#8221;0:none_&#8221; css_style_991=&#8221;padding-top:|padding-bottom:&#8221; css_style_767=&#8221;padding-top:|padding-bottom:&#8221;][cl_custom_heading typography=&#8221;h3&#8243; custom_responsive_992_bool_ch=&#8221;0&#8243; custom_responsive_768_bool_ch=&#8221;0&#8243; css_style=&#8221;margin-top:0|margin-bottom:10px|margin-left:0|margin-right:0|padding-top:0|padding-bottom:0|padding-left:0|padding-right:0|border-top-width:0|border-bottom-width:0|border-left-width:0|border-right-width:0&#8243;]Our client reference list[\/cl_custom_heading][cl_text custom_typography=&#8221;0&#8243; custom_responsive_992_bool=&#8221;0&#8243; custom_responsive_768_bool=&#8221;0&#8243; css_style=&#8221;margin-top:m|margin-bottom:m|margin-left:m|margin-right:m|padding-top:m|padding-bottom:m|padding-left:m|padding-right:m|border-top-width:m|border-bottom-width:m|border-left-width:m|border-right-width:m&#8221;]Abbott, ABC strani jezici, U\u010dili\u0161te Ambitio, ASOO, Barbina Ka\u0161telina, Bausch&amp;Lomb Health, Belupo, Bio&amp;Bio, Buderus, Colgate, Cvitkovi\u0107, Devide i Buji\u0107 &#8211; odvjetni\u010dko dru\u0161tvo, FKIT Fakultet kemijskog in\u017eenjerstva i tehnologije, Fresenius Kabi, HEP Trgovina, Hrvatski studiji, Hrvatsko katoli\u010dko sveu\u010dili\u0161te, HZN Hrvatski zavod za norme, JGL Jadran galenski laboratorij, Kredenc, Mapa znanja, Ministarstvo regionalnoga razvoja i EU fondova, Nueva vision, Pharmas, Pharmaswiss, Tim kabel, VABA banka, Valeant, Veleu\u010dili\u0161te Velika Gorica and others.[\/cl_text][\/cl_column][\/cl_row][cl_row css_style=&#8221;border-top-width:1px&#8221; device_visibility=&#8221;`{`object Object`}`&#8221; css_style_991=&#8221;padding-top:|padding-bottom:&#8221; css_style_767=&#8221;padding-top:|padding-bottom:&#8221; background_color=&#8221;#ffffff&#8221; border_color=&#8221;#ebebeb&#8221;][cl_column width=&#8221;1\/4&#8243; css_style=&#8221;padding-top:20px|padding-bottom:20px&#8221; device_visibility=&#8221;`{`object Object`}`&#8221; css_style_991=&#8221;padding-top:|padding-bottom:&#8221; css_style_767=&#8221;padding-top:|padding-bottom:&#8221;][cl_counter number=&#8221;56&#8243; css_style=&#8221;margin-top:0px&#8221;][cl_custom_heading typography=&#8221;h6&#8243; custom_responsive_992_bool_ch=&#8221;0&#8243; custom_responsive_768_bool_ch=&#8221;0&#8243; css_style=&#8221;margin-top:10px&#8221;]<\/p>\n<p style=\"text-align: center;\">Team members<\/p>\n<p>[\/cl_custom_heading][\/cl_column][cl_column width=&#8221;1\/4&#8243; css_style=&#8221;padding-top:20px|padding-bottom:20px&#8221; device_visibility=&#8221;`{`object Object`}`&#8221; css_style_991=&#8221;padding-top:|padding-bottom:&#8221; css_style_767=&#8221;padding-top:|padding-bottom:&#8221;][cl_counter number=&#8221;5&#8243; css_style=&#8221;margin-top:0px&#8221;][cl_custom_heading typography=&#8221;h6&#8243; custom_responsive_992_bool_ch=&#8221;0&#8243; custom_responsive_768_bool_ch=&#8221;0&#8243; css_style=&#8221;margin-top:10px&#8221;]<\/p>\n<p style=\"text-align: center;\">Prize<\/p>\n<p>[\/cl_custom_heading][\/cl_column][cl_column width=&#8221;1\/4&#8243; css_style=&#8221;padding-top:20px|padding-bottom:20px&#8221; device_visibility=&#8221;`{`object Object`}`&#8221; css_style_991=&#8221;padding-top:|padding-bottom:&#8221; css_style_767=&#8221;padding-top:|padding-bottom:&#8221;][cl_counter number=&#8221;2008&#8243; css_style=&#8221;margin-top:0px&#8221;][cl_custom_heading typography=&#8221;h6&#8243; custom_responsive_992_bool_ch=&#8221;0&#8243; custom_responsive_768_bool_ch=&#8221;0&#8243; css_style=&#8221;margin-top:10px&#8221;]<\/p>\n<p style=\"text-align: center;\">Successful projects<\/p>\n<p>[\/cl_custom_heading][\/cl_column][cl_column width=&#8221;1\/4&#8243; css_style=&#8221;padding-top:20px|padding-bottom:20px&#8221; device_visibility=&#8221;`{`object Object`}`&#8221; css_style_991=&#8221;padding-top:|padding-bottom:&#8221; css_style_767=&#8221;padding-top:|padding-bottom:&#8221;][cl_counter number=&#8221;23&#8243; css_style=&#8221;margin-top:0px&#8221;][cl_custom_heading typography=&#8221;h6&#8243; custom_responsive_992_bool_ch=&#8221;0&#8243; custom_responsive_768_bool_ch=&#8221;0&#8243; css_style=&#8221;margin-top:10px&#8221;]<\/p>\n<p style=\"text-align: center;\">Realized applications<\/p>\n<p>[\/cl_custom_heading][\/cl_column][\/cl_row]<\/p>\n","protected":false},"excerpt":{"rendered":"<p>[cl_page_header title=&#8221;About us&#8221; type=&#8221;modern&#8221; add_description=&#8221;0&#8243; height=&#8221;315&#8243; background_position=&#8221;center center&#8221; parallax=&#8221;0&#8243; overlay_opacity=&#8221;0.60&#8243; typography=&#8221;custom_font&#8221; title_font_size=&#8221;32&#8243; title_font_weight=&#8221;300&#8243; background_image=&#8221;id:860|mime:undefined|url:https%3A%2F%2Fwww.studiokliker.hr%2Fwp-content%2Fuploads%2F2020%2F12%2Fo-nama-150&#215;150.jpg&#8221; background_color=&#8221;#ededed&#8221; title_color=&#8221;#ffffff&#8221;][\/cl_page_header][cl_row css_style=&#8221;padding-top:45px|padding-bottom:45px&#8221; device_visibility=&#8221;`{`object Object`}`&#8221; css_style_991=&#8221;padding-top:|padding-bottom:&#8221; css_style_767=&#8221;padding-top:|padding-bottom:&#8221;][cl_column width=&#8221;1\/2&#8243; extra_class=&#8221;wrap-md&#8221; css_style=&#8221;padding-top:20px|padding-bottom:20px&#8221; device_visibility=&#8221;0:none_&#8221; css_style_991=&#8221;padding-top:|padding-bottom:&#8221; css_style_767=&#8221;padding-top:|padding-bottom:&#8221;][cl_custom_heading typography=&#8221;h3&#8243; custom_responsive_992_bool_ch=&#8221;0&#8243; custom_responsive_768_bool_ch=&#8221;0&#8243; css_style=&#8221;margin-top:35px&#8221;]Our story[\/cl_custom_heading][cl_text custom_typography=&#8221;0&#8243; custom_responsive_992_bool=&#8221;0&#8243; custom_responsive_768_bool=&#8221;0&#8243; css_style=&#8221;margin-top:10px|margin-bottom:0|margin-left:0|margin-right:0|padding-top:0|padding-bottom:0|padding-left:0|padding-right:0|border-top-width:0|border-bottom-width:0|border-left-width:0|border-right-width:0&#8243;]Studio Kliker is a creative [&hellip;]<\/p>\n","protected":false},"author":3,"featured_media":0,"parent":0,"menu_order":0,"comment_status":"closed","ping_status":"closed","template":"","meta":{"footnotes":""},"_links":{"self":[{"href":"https:\/\/www.studiokliker.hr\/en\/wp-json\/wp\/v2\/pages\/1809"}],"collection":[{"href":"https:\/\/www.studiokliker.hr\/en\/wp-json\/wp\/v2\/pages"}],"about":[{"href":"https:\/\/www.studiokliker.hr\/en\/wp-json\/wp\/v2\/types\/page"}],"author":[{"embeddable":true,"href":"https:\/\/www.studiokliker.hr\/en\/wp-json\/wp\/v2\/users\/3"}],"replies":[{"embeddable":true,"href":"https:\/\/www.studiokliker.hr\/en\/wp-json\/wp\/v2\/comments?post=1809"}],"version-history":[{"count":5,"href":"https:\/\/www.studiokliker.hr\/en\/wp-json\/wp\/v2\/pages\/1809\/revisions"}],"predecessor-version":[{"id":2054,"href":"https:\/\/www.studiokliker.hr\/en\/wp-json\/wp\/v2\/pages\/1809\/revisions\/2054"}],"wp:attachment":[{"href":"https:\/\/www.studiokliker.hr\/en\/wp-json\/wp\/v2\/media?parent=1809"}],"curies":[{"name":"wp","href":"https:\/\/api.w.org\/{rel}","templated":true}]}}